{"id":241,"date":"2016-12-17T15:57:43","date_gmt":"2016-12-17T15:57:43","guid":{"rendered":"http:\/\/corfhu.cl\/demo\/?page_id=241"},"modified":"2016-12-26T15:35:45","modified_gmt":"2016-12-26T15:35:45","slug":"historia","status":"publish","type":"page","link":"https:\/\/corfhu.cl\/demo\/historia\/","title":{"rendered":"Historia"},"content":{"rendered":"<div class=\"flex_column av_one_full  flex_column_div av-zero-column-padding first  \" style='border-radius:0px; '><section class=\"av_textblock_section \"  itemscope=\"itemscope\" itemtype=\"https:\/\/schema.org\/CreativeWork\" ><div class='avia_textblock  '   itemprop=\"text\" ><p><span style=\"font-weight: 400;\">Corporaci\u00f3n Futuro Humano, CORFHU, nace en Chile en el a\u00f1o 1990 bajo el alero del proyecto parlamentario de la diputada Laura Rodr\u00edguez. Un equipo transdisciplinario de profesionales, inspirados en la cosmovisi\u00f3n y el ideario del Nuevo Humanismo, dan vida a la Corporaci\u00f3n. <\/span><\/p>\n<p><span style=\"font-weight: 400;\">Su prop\u00f3sito inicial fue contribuir al dise\u00f1o, desarrollo e implementaci\u00f3n de Programas educativos, formativos y de capacitaci\u00f3n, orientados a organizaciones sociales de base y a personas que formaban parte de los sectores m\u00e1s discriminados de la sociedad. <\/span><\/p>\n<p><span style=\"font-weight: 400;\">A partir de 1992, CORFHU ampl\u00eda sus \u00e1reas de acci\u00f3n, hacia el \u00e1mbito de los trabajadores de Empresas e Instituciones P\u00fablicas. Se inscribe como OTEC en el SENCE, desarrollando Programas de Capacitaci\u00f3n en tem\u00e1ticas de servicio, comunicaci\u00f3n y trabajo en equipo. <\/span><\/p>\n<p><span style=\"font-weight: 400;\">A partir del a\u00f1o 1993, luego del fallecimiento de la diputada Laura Rodr\u00edguez, CORFHU se autonomiza de su condici\u00f3n de origen. Conforma entonces una sociedad participativa de trabajadores, comenzando un proceso de desarrollo y ampliaci\u00f3n hasta el formato actual. <\/span><\/p>\n<p><span style=\"font-weight: 400;\">Hoy CORFHU es una Instituci\u00f3n que ha diversificado su acci\u00f3n y que desarrolla proyectos en el \u00e1mbito Empresarial y de Servicios P\u00fablicos, manteniendo, bajo el principio de responsabilidad social, proyectos en beneficio de la comunidad. <\/span><\/p>\n<p><span style=\"font-weight: 400;\">Las actuales \u00c1reas de acci\u00f3n son: Consultor\u00eda, Capacitaci\u00f3n, E-Learning, Comunicaciones, Eventos y Gesti\u00f3n de Proyectos Sociales. <\/span><\/p>\n<p><span style=\"font-weight: 400;\">Manteniendo sus principios originales, CORFHU ha desarrollado sus acciones con \u00e9xito en varias de las Empresas e Instituciones P\u00fablicas m\u00e1s importantes del pa\u00eds. <\/span><\/p>\n<p><span style=\"font-weight: 400;\">Actualmente CORFHU tiene filiales en Per\u00fa, Argentina y Colombia.<\/span><\/p>\n<h3><span style=\"font-weight: 400;\">Visi\u00f3n:<\/span><\/h3>\n<p><span style=\"font-weight: 400;\">* Influir desde la perspectiva de la filosof\u00eda del Nuevo Humanismo, a trav\u00e9s de la educaci\u00f3n, formaci\u00f3n y consultor\u00eda, en las organizaciones y en las personas;<\/span><\/p>\n<p><span style=\"font-weight: 400;\">* Potenciar el desarrollo de Habilidades Humanas (calidad);<\/span><\/p>\n<p><span style=\"font-weight: 400;\">* Generar un bienestar econ\u00f3mico y existencial para sus socios;<\/span><\/p>\n<p><span style=\"font-weight: 400;\">* Tener una empresa de socios-trabajadores y trabajadores que trata de establecer c\u00f3digos de relaci\u00f3n humanista;<\/span><\/p>\n<p><span style=\"font-weight: 400;\">* Apoyar el desarrollo de emprendimientos de humanistas.<\/span><\/p>\n<h3><span style=\"font-weight: 400;\">Misi\u00f3n:<\/span><\/h3>\n<p><span style=\"font-weight: 400;\">La Misi\u00f3n de CORFHU es \u00abContribuir al desarrollo de una mejor Calidad Humana en las organizaciones y personas, a trav\u00e9s de acciones de Educaci\u00f3n, Capacitaci\u00f3n, Formaci\u00f3n y Consultor\u00edas, utilizando metodolog\u00edas interactivas en formatos multimediales y de comunicaci\u00f3n directa\u00bb.<\/span><\/p>\n<\/div><\/section><\/div>\n<!-- AddThis Advanced Settings generic via filter on the_content --><!-- AddThis Share Buttons generic via filter on the_content -->","protected":false},"excerpt":{"rendered":"<p><!-- AddThis Advanced Settings generic via filter on get_the_excerpt --><!-- AddThis Share Buttons generic via filter on get_the_excerpt --><\/p>\n","protected":false},"author":1,"featured_media":0,"parent":0,"menu_order":0,"comment_status":"closed","ping_status":"closed","template":"","meta":{"footnotes":""},"class_list":["post-241","page","type-page","status-publish","hentry"],"_links":{"self":[{"href":"https:\/\/corfhu.cl\/demo\/wp-json\/wp\/v2\/pages\/241","targetHints":{"allow":["GET"]}}],"collection":[{"href":"https:\/\/corfhu.cl\/demo\/wp-json\/wp\/v2\/pages"}],"about":[{"href":"https:\/\/corfhu.cl\/demo\/wp-json\/wp\/v2\/types\/page"}],"author":[{"embeddable":true,"href":"https:\/\/corfhu.cl\/demo\/wp-json\/wp\/v2\/users\/1"}],"replies":[{"embeddable":true,"href":"https:\/\/corfhu.cl\/demo\/wp-json\/wp\/v2\/comments?post=241"}],"version-history":[{"count":3,"href":"https:\/\/corfhu.cl\/demo\/wp-json\/wp\/v2\/pages\/241\/revisions"}],"predecessor-version":[{"id":546,"href":"https:\/\/corfhu.cl\/demo\/wp-json\/wp\/v2\/pages\/241\/revisions\/546"}],"wp:attachment":[{"href":"https:\/\/corfhu.cl\/demo\/wp-json\/wp\/v2\/media?parent=241"}],"curies":[{"name":"wp","href":"https:\/\/api.w.org\/{rel}","templated":true}]}}