{"id":249,"date":"2016-12-17T15:59:16","date_gmt":"2016-12-17T15:59:16","guid":{"rendered":"http:\/\/corfhu.cl\/demo\/?page_id=249"},"modified":"2016-12-28T13:46:54","modified_gmt":"2016-12-28T13:46:54","slug":"gestion-de-calidad","status":"publish","type":"page","link":"https:\/\/corfhu.cl\/demo\/gestion-de-calidad\/","title":{"rendered":"Gesti\u00f3n de Calidad"},"content":{"rendered":"<div class=\"flex_column av_four_fifth  flex_column_div av-zero-column-padding first  \" style='border-radius:0px; '><section class=\"av_textblock_section \"  itemscope=\"itemscope\" itemtype=\"https:\/\/schema.org\/CreativeWork\" ><div class='avia_textblock  '   itemprop=\"text\" ><p><b>Planificaci\u00f3n Estrat\u00e9gica y Desarrollo Gerencial<\/b><\/p>\n<p><span style=\"font-weight: 400;\">Esta actividad busca apoyar el logro de objetivos fundamentales, a trav\u00e9s de precisar la Visi\u00f3n, Misi\u00f3n y direcci\u00f3n estrat\u00e9gica de la Empresa. Este proceso se basa en el estudio de la realidad comercial, la competitividad y la situaci\u00f3n relacional y operacional de la organizaci\u00f3n.<\/span><\/p>\n<p><span style=\"font-weight: 400;\">Para esto CORFHU utiliza una metodolog\u00eda interactiva con el nivel gerencial, arribando a soportes estrat\u00e9gicos, matriz de objetivos, calendarios y responsables. Este proceso finaliza con un seminario de Evaluaci\u00f3n y Nuevas Direcciones.<\/span><\/p>\n<p><b>Desarrollo de Modelo de Calidad en el Servicio<\/b><\/p>\n<p><span style=\"font-weight: 400;\">Esta consultor\u00eda busca definir la Pol\u00edtica de Calidad de la Empresa o Instituci\u00f3n, a partir del Modelo DAR, traducido en actitudes y conductas de Excelencia.<\/span><\/p>\n<p><span style=\"font-weight: 400;\">CORFHU desarrolla el Modelo de Servicio, a partir de los lineamientos estrat\u00e9gicos de la Organizaci\u00f3n, traducida en Est\u00e1ndares de excelencia, Indicadores de gesti\u00f3n y un Protocolo de est\u00e1ndares para un servicio de excelencia, para cada funci\u00f3n y nivel en la cadena de roles.<\/span><\/p>\n<p><span style=\"font-weight: 400;\">Adem\u00e1s, define mecanismos procedimentales de salida y herramientas de atenci\u00f3n para situaciones dif\u00edciles que se dan en el Servicio: Clientes dif\u00edciles, objeciones a los procedimientos y quejas por mala atenci\u00f3n.<\/span><\/p>\n<p><b>Desarrollo de C\u00edrculos de Calidad<\/b><\/p>\n<p><span style=\"font-weight: 400;\">Esta herramienta facilita un trabajo permanente, transversal y evolutivo, para enfrentar el desaf\u00edo del mejoramiento continuo en la calidad de los servicios que otorga la Empresa. Al involucrar representantes de distintos niveles en su constituci\u00f3n, el tema de la calidad logra, en la pr\u00e1ctica, ser un referente en toda actividad de la Empresa.<\/span><\/p>\n<p><span style=\"font-weight: 400;\">CORFHU organiza la puesta en marcha de C\u00edrculos de Calidad, capacitando y asesorando en su seguimiento y reproducci\u00f3n.<\/span><\/p>\n<p><b>Asesor\u00eda en Administraci\u00f3n de los Recursos Humanos<\/b><\/p>\n<p><span style=\"font-weight: 400;\">Esta asesor\u00eda busca brindar a esta \u00e1rea una visi\u00f3n externa y un impulso para que tome un rol protag\u00f3nico en su tarea de soporte a las necesidades reales de la Empresa, tales como: Adaptaci\u00f3n de procedimientos, estructuras, pol\u00edticas, sistema de incentivos, de evaluaci\u00f3n, de capacitaci\u00f3n, perfiles de cargo, evaluaci\u00f3n de desempe\u00f1o, etc.<\/span><\/p>\n<p><span style=\"font-weight: 400;\">CORFHU asesora y apoya tanto en el estudio, como en la planificaci\u00f3n e implementaci\u00f3n de las actividades del \u00e1rea de RRHH.<\/span><\/p>\n<p><b>Asesor\u00eda en dise\u00f1o e implementaci\u00f3n de Capacitaci\u00f3n Interna<\/b><\/p>\n<p><span style=\"font-weight: 400;\">Esta acci\u00f3n optimiza pedag\u00f3gicamente los modelos de capacitaci\u00f3n interna en la Empresa, implementados, generalmente, con gente con un alto nivel t\u00e9cnico, pero no necesariamente pedag\u00f3gico.<\/span><\/p>\n<p><span style=\"font-weight: 400;\">CORFHU asesora en el dise\u00f1o de mallas curriculares de capacitaci\u00f3n y, a su vez, forma a los relatores internos para desarrollar habilidades pedag\u00f3gicas que aseguren un proceso eficaz de ense\u00f1anza &#8211; aprendizaje.<\/span><\/p>\n<p><b>Intervenci\u00f3n en Nudos Organizacionales<\/b><\/p>\n<p><span style=\"font-weight: 400;\">Este tipo de intervenci\u00f3n da respuesta a conflictos en las Empresas, que van desde reacciones puntuales a situaciones problem\u00e1ticas espec\u00edficas, hasta estilos de personalidad que influyen negativamente en grupos humanos, obstaculizando el desempe\u00f1o eficiente y la satisfacci\u00f3n laboral de los empleados.<\/span><\/p>\n<p><span style=\"font-weight: 400;\">CORFHU considera que estas situaciones requieren, para su resoluci\u00f3n, de intervenciones acotadas y espec\u00edficas dirigidas a disolver los nudos tensionales.<\/span><\/p>\n<\/div><\/section><\/div>\n<div class=\"flex_column av_one_fifth  flex_column_div av-zero-column-padding   \" style='border-radius:0px; '><p><div style='padding-bottom:10px;color:#8d8d8d;font-size:20px;' class='av-special-heading av-special-heading-h3 custom-color-heading blockquote modern-quote modern-centered   av-inherit-size '><h3 class='av-special-heading-tag '  itemprop=\"headline\"  >Cotizar<\/h3><div class='special-heading-border'><div class='special-heading-inner-border' style='border-color:#8d8d8d'><\/div><\/div><\/div><br \/>\n<span class=\"av_font_icon avia_animate_when_visible  av-icon-style-  avia-icon-pos-center \" style=\"color:#f79f47; border-color:#f79f47;\"><a href='https:\/\/corfhu.cl\/demo\/cotizar\/'   class='av-icon-char' style='font-size:50px;line-height:50px;' aria-hidden='true' data-av_icon='\ue835' data-av_iconfont='entypo-fontello' data-avia-icon-tooltip=\"&lt;br \/&gt;\nCotizar&lt;br \/&gt;\n\"><\/a><\/span><\/p><\/div><div class=\"flex_column av_one_full  flex_column_div av-zero-column-padding first  \" style='border-radius:0px; '><div class=\"togglecontainer   toggle_close_all \" >\n<section class=\"av_toggle_section\"  itemscope=\"itemscope\" itemtype=\"https:\/\/schema.org\/CreativeWork\"  >    <div class=\"single_toggle\" data-tags=\"{Todo} \"  >        <p data-fake-id=\"#toggle-id-1\" class=\"toggler \"  itemprop=\"headline\"  >Planificaci\u00f3n Estrat\u00e9gica y Desarrollo Gerencial<span class=\"toggle_icon\" >        <span class=\"vert_icon\"><\/span><span class=\"hor_icon\"><\/span><\/span><\/p>        <div id=\"toggle-id-1-container\" class=\"toggle_wrap \"  >            <div class=\"toggle_content invers-color \"  itemprop=\"text\"   ><p><span style=\"font-weight: 400;\">Esta actividad busca apoyar el logro de objetivos fundamentales, a trav\u00e9s de precisar la Visi\u00f3n, Misi\u00f3n y direcci\u00f3n estrat\u00e9gica de la Empresa. Este proceso se basa en el estudio de la realidad comercial, la competitividad y la situaci\u00f3n relacional y operacional de la organizaci\u00f3n.<\/span><\/p>\n<p><span style=\"font-weight: 400;\">Para esto CORFHU utiliza una metodolog\u00eda interactiva con el nivel gerencial, arribando a soportes estrat\u00e9gicos, matriz de objetivos, calendarios y responsables. Este proceso finaliza con un seminario de Evaluaci\u00f3n y Nuevas Direcciones.<\/span><\/p>\n            <\/div>        <\/div>    <\/div><\/section>\n<section class=\"av_toggle_section\"  itemscope=\"itemscope\" itemtype=\"https:\/\/schema.org\/CreativeWork\"  >    <div class=\"single_toggle\" data-tags=\"{Todo} \"  >        <p data-fake-id=\"#toggle-id-2\" class=\"toggler \"  itemprop=\"headline\"  >Desarrollo de Modelo de Calidad en el Servicio<span class=\"toggle_icon\" >        <span class=\"vert_icon\"><\/span><span class=\"hor_icon\"><\/span><\/span><\/p>        <div id=\"toggle-id-2-container\" class=\"toggle_wrap \"  >            <div class=\"toggle_content invers-color \"  itemprop=\"text\"   ><p><span style=\"font-weight: 400;\">Esta consultor\u00eda busca definir la Pol\u00edtica de Calidad de la Empresa o Instituci\u00f3n, a partir del Modelo DAR, traducido en actitudes y conductas de Excelencia.<\/span><\/p>\n<p><span style=\"font-weight: 400;\">CORFHU desarrolla el Modelo de Servicio, a partir de los lineamientos estrat\u00e9gicos de la Organizaci\u00f3n, traducida en Est\u00e1ndares de excelencia, Indicadores de gesti\u00f3n y un Protocolo de est\u00e1ndares para un servicio de excelencia, para cada funci\u00f3n y nivel en la cadena de roles.<\/span><\/p>\n<p><span style=\"font-weight: 400;\">Adem\u00e1s, define mecanismos procedimentales de salida y herramientas de atenci\u00f3n para situaciones dif\u00edciles que se dan en el Servicio: Clientes dif\u00edciles, objeciones a los procedimientos y quejas por mala atenci\u00f3n.<\/span><\/p>\n            <\/div>        <\/div>    <\/div><\/section>\n<section class=\"av_toggle_section\"  itemscope=\"itemscope\" itemtype=\"https:\/\/schema.org\/CreativeWork\"  >    <div class=\"single_toggle\" data-tags=\"{Todo} \"  >        <p data-fake-id=\"#toggle-id-3\" class=\"toggler \"  itemprop=\"headline\"  >Desarrollo de C\u00edrculos de Calidad<span class=\"toggle_icon\" >        <span class=\"vert_icon\"><\/span><span class=\"hor_icon\"><\/span><\/span><\/p>        <div id=\"toggle-id-3-container\" class=\"toggle_wrap \"  >            <div class=\"toggle_content invers-color \"  itemprop=\"text\"   ><p><span style=\"font-weight: 400;\">Esta herramienta facilita un trabajo permanente, transversal y evolutivo, para enfrentar el desaf\u00edo del mejoramiento continuo en la calidad de los servicios que otorga la Empresa. Al involucrar representantes de distintos niveles en su constituci\u00f3n, el tema de la calidad logra, en la pr\u00e1ctica, ser un referente en toda actividad de la Empresa.<\/span><\/p>\n<p><span style=\"font-weight: 400;\">CORFHU organiza la puesta en marcha de C\u00edrculos de Calidad, capacitando y asesorando en su seguimiento y reproducci\u00f3n.<\/span><\/p>\n            <\/div>        <\/div>    <\/div><\/section>\n<section class=\"av_toggle_section\"  itemscope=\"itemscope\" itemtype=\"https:\/\/schema.org\/CreativeWork\"  >    <div class=\"single_toggle\" data-tags=\"{Todo} \"  >        <p data-fake-id=\"#toggle-id-4\" class=\"toggler \"  itemprop=\"headline\"  >Asesor\u00eda en Administraci\u00f3n de los Recursos Humanos<span class=\"toggle_icon\" >        <span class=\"vert_icon\"><\/span><span class=\"hor_icon\"><\/span><\/span><\/p>        <div id=\"toggle-id-4-container\" class=\"toggle_wrap \"  >            <div class=\"toggle_content invers-color \"  itemprop=\"text\"   ><p><span style=\"font-weight: 400;\">Esta asesor\u00eda busca brindar a esta \u00e1rea una visi\u00f3n externa y un impulso para que tome un rol protag\u00f3nico en su tarea de soporte a las necesidades reales de la Empresa, tales como: Adaptaci\u00f3n de procedimientos, estructuras, pol\u00edticas, sistema de incentivos, de evaluaci\u00f3n, de capacitaci\u00f3n, perfiles de cargo, evaluaci\u00f3n de desempe\u00f1o, etc.<\/span><\/p>\n<p><span style=\"font-weight: 400;\">CORFHU asesora y apoya tanto en el estudio, como en la planificaci\u00f3n e implementaci\u00f3n de las actividades del \u00e1rea de RRHH.<\/span><\/p>\n            <\/div>        <\/div>    <\/div><\/section>\n<section class=\"av_toggle_section\"  itemscope=\"itemscope\" itemtype=\"https:\/\/schema.org\/CreativeWork\"  >    <div class=\"single_toggle\" data-tags=\"{Todo} \"  >        <p data-fake-id=\"#toggle-id-5\" class=\"toggler \"  itemprop=\"headline\"  >Asesor\u00eda en dise\u00f1o e implementaci\u00f3n de Capacitaci\u00f3n Interna<span class=\"toggle_icon\" >        <span class=\"vert_icon\"><\/span><span class=\"hor_icon\"><\/span><\/span><\/p>        <div id=\"toggle-id-5-container\" class=\"toggle_wrap \"  >            <div class=\"toggle_content invers-color \"  itemprop=\"text\"   ><p><span style=\"font-weight: 400;\">Esta acci\u00f3n optimiza pedag\u00f3gicamente los modelos de capacitaci\u00f3n interna en la Empresa, implementados, generalmente, con gente con un alto nivel t\u00e9cnico, pero no necesariamente pedag\u00f3gico.<\/span><\/p>\n<p><span style=\"font-weight: 400;\">CORFHU asesora en el dise\u00f1o de mallas curriculares de capacitaci\u00f3n y, a su vez, forma a los relatores internos para desarrollar habilidades pedag\u00f3gicas que aseguren un proceso eficaz de ense\u00f1anza &#8211; aprendizaje.<\/span><\/p>\n            <\/div>        <\/div>    <\/div><\/section>\n<section class=\"av_toggle_section\"  itemscope=\"itemscope\" itemtype=\"https:\/\/schema.org\/CreativeWork\"  >    <div class=\"single_toggle\" data-tags=\"{Todo} \"  >        <p data-fake-id=\"#toggle-id-6\" class=\"toggler \"  itemprop=\"headline\"  >Intervenci\u00f3n en Nudos Organizacionales<span class=\"toggle_icon\" >        <span class=\"vert_icon\"><\/span><span class=\"hor_icon\"><\/span><\/span><\/p>        <div id=\"toggle-id-6-container\" class=\"toggle_wrap \"  >            <div class=\"toggle_content invers-color \"  itemprop=\"text\"   ><p>Este tipo de intervenci\u00f3n da respuesta a conflictos en las Empresas, que van desde reacciones puntuales a situaciones problem\u00e1ticas espec\u00edficas, hasta estilos de personalidad que influyen negativamente en grupos humanos, obstaculizando el desempe\u00f1o eficiente y la satisfacci\u00f3n laboral de los empleados.<\/p>\n<p>CORFHU considera que estas situaciones requieren, para su resoluci\u00f3n, de intervenciones acotadas y espec\u00edficas dirigidas a disolver los nudos tensionales.<\/p>\n            <\/div>        <\/div>    <\/div><\/section>\n<\/div><\/div><\/p>\n<!-- AddThis Advanced Settings generic via filter on the_content --><!-- AddThis Share Buttons generic via filter on the_content -->","protected":false},"excerpt":{"rendered":"<p><!-- AddThis Advanced Settings generic via filter on get_the_excerpt --><!-- AddThis Share Buttons generic via filter on get_the_excerpt --><\/p>\n","protected":false},"author":1,"featured_media":0,"parent":0,"menu_order":0,"comment_status":"closed","ping_status":"closed","template":"","meta":{"footnotes":""},"class_list":["post-249","page","type-page","status-publish","hentry"],"_links":{"self":[{"href":"https:\/\/corfhu.cl\/demo\/wp-json\/wp\/v2\/pages\/249","targetHints":{"allow":["GET"]}}],"collection":[{"href":"https:\/\/corfhu.cl\/demo\/wp-json\/wp\/v2\/pages"}],"about":[{"href":"https:\/\/corfhu.cl\/demo\/wp-json\/wp\/v2\/types\/page"}],"author":[{"embeddable":true,"href":"https:\/\/corfhu.cl\/demo\/wp-json\/wp\/v2\/users\/1"}],"replies":[{"embeddable":true,"href":"https:\/\/corfhu.cl\/demo\/wp-json\/wp\/v2\/comments?post=249"}],"version-history":[{"count":28,"href":"https:\/\/corfhu.cl\/demo\/wp-json\/wp\/v2\/pages\/249\/revisions"}],"predecessor-version":[{"id":647,"href":"https:\/\/corfhu.cl\/demo\/wp-json\/wp\/v2\/pages\/249\/revisions\/647"}],"wp:attachment":[{"href":"https:\/\/corfhu.cl\/demo\/wp-json\/wp\/v2\/media?parent=249"}],"curies":[{"name":"wp","href":"https:\/\/api.w.org\/{rel}","templated":true}]}}