{"id":333,"date":"2016-12-19T00:31:53","date_gmt":"2016-12-19T00:31:53","guid":{"rendered":"http:\/\/corfhu.cl\/demo\/?page_id=333"},"modified":"2016-12-19T00:31:53","modified_gmt":"2016-12-19T00:31:53","slug":"cursos-b-learning-en-franquicia-sence","status":"publish","type":"page","link":"https:\/\/corfhu.cl\/demo\/cursos-b-learning-en-franquicia-sence\/","title":{"rendered":"Cursos B-learning en Franquicia SENCE"},"content":{"rendered":"<div class=\"flex_column av_one_full  flex_column_div av-zero-column-padding first  \" style='border-radius:0px; '><section class=\"av_textblock_section \"  itemscope=\"itemscope\" itemtype=\"https:\/\/schema.org\/CreativeWork\" ><div class='avia_textblock  '   itemprop=\"text\" ><p><span style=\"font-weight: 400;\">E-Learning abre amplias posibilidades de aprendizaje.<\/span><\/p>\n<p><span style=\"font-weight: 400;\">CORFHU ahora cuenta con apoyo a distancia a trav\u00e9s de E-Learning, un m\u00e9todo c\u00f3modo, \u00e1gil y moderno de aprendizaje para generar y mejorar los recursos de sus clientes; potenciando los distintos requerimientos de sus clientes y as\u00ed apoyarlos a distancia. <\/span><\/p>\n<table>\n<tbody>\n<tr>\n<td colspan=\"6\"><b>Listado cursos activos en SENCE 2016<\/b><\/td>\n<\/tr>\n<tr>\n<td><b>C\u00f3digo<\/b><\/td>\n<td><b>Nombre curso<\/b><\/td>\n<td><b>Horas<\/b><\/td>\n<td><b>N\u00famero de Participantes\/Modalidad<\/b><\/td>\n<td><b>Fecha autorizaci\u00f3n<\/b><\/td>\n<td><b>T\u00e9rmino Vigencia<\/b><\/td>\n<\/tr>\n<tr>\n<td><a href=\"http:\/\/otec.sence.cl\/datoscurso.html?rut=76599970-7&amp;nom=Corfhu%20Capacitaci%F3n%20Limitada&amp;cod=1237945872&amp;ar=01&amp;es=01\"><span style=\"font-weight: 400;\">1237945872<\/span><\/a><\/td>\n<td><span style=\"font-weight: 400;\">Habilidades Y T\u00e9cnicas Para Formar C\u00edrculos De Calidad En La Empresa<\/span><\/td>\n<td><span style=\"font-weight: 400;\">75<\/span><\/td>\n<td><span style=\"font-weight: 400;\">elearning<\/span><\/td>\n<td><span style=\"font-weight: 400;\">15-01-2016<\/span><\/td>\n<td><span style=\"font-weight: 400;\">14-01-2020<\/span><\/td>\n<\/tr>\n<\/tbody>\n<\/table>\n<p><span style=\"font-weight: 400;\">Habilidades y T\u00e9cnicas para formar C\u00edrculos de Calidad en la Empresa<\/span><\/p>\n<p><span style=\"font-weight: 400;\">En 24 a\u00f1os de experiencia, CORFHU ha detectado carencias que pueden ser bien resueltas a trav\u00e9s de la formaci\u00f3n de C\u00edrculos de Calidad:<\/span><\/p>\n<p><span style=\"font-weight: 400;\">Involucrar al personal de forma protag\u00f3nica en la resoluci\u00f3n de dificultades que afectan a la calidad de servicio.<\/span><\/p>\n<p><span style=\"font-weight: 400;\">Fortalecer el trabajo en equipo entorno a proyectos de mejoramiento en el tema de la calidad.<\/span><\/p>\n<p><span style=\"font-weight: 400;\">Adquirir herramientas te\u00f3rico-pr\u00e1cticas que permitan comprender la importancia de la calidad y los distintos factores involucrados en ella.<\/span><\/p>\n<p><span style=\"font-weight: 400;\">La metodolog\u00eda de los C\u00edrculos de Calidad es parte de los procesos de mejoramiento continuo, donde se persigue activamente elevar la calidad a trav\u00e9s de un ciclo de evaluaci\u00f3n planificaci\u00f3n, implementaci\u00f3n y verificaci\u00f3n de tareas.<\/span><\/p>\n<p><span style=\"font-weight: 400;\">Prioriza la participaci\u00f3n, el protagonismo y la creatividad de quienes lo conforman, como m\u00e9todo para involucrar al personal de manera activa en la resoluci\u00f3n de problemas y el logro de la excelencia.<\/span><\/p>\n<p><span style=\"font-weight: 400;\">CORFHU ha capacitado a m\u00e1s de 50 empresas con el curso Habilidades y T\u00e9cnicas para formar C\u00edrculos de Calidad en la Empresa, obteniendo muy buenos resultados en relaci\u00f3n al mejoramiento de la calidad. Entre otros logros, se avanz\u00f3 en indicadores como disminuci\u00f3n de tiempo en la atenci\u00f3n de cajas, tiempos de facturaci\u00f3n, reducci\u00f3n de procedimientos burocr\u00e1ticos, mejor disposici\u00f3n del personal, baja en el N\u00ba de quejas de clientes, etc.<\/span><\/p>\n<p><span style=\"font-weight: 400;\">Los invitamos a matricularse en el Curso \u00abHabilidades y T\u00e9cnicas para formar C\u00edrculos de Calidad en la Empresa\u00bb.<\/span><\/p>\n<\/div><\/section><\/div>\n<!-- AddThis Advanced Settings generic via filter on the_content --><!-- AddThis Share Buttons generic via filter on the_content -->","protected":false},"excerpt":{"rendered":"<p><!-- AddThis Advanced Settings generic via filter on get_the_excerpt --><!-- AddThis Share Buttons generic via filter on get_the_excerpt --><\/p>\n","protected":false},"author":1,"featured_media":0,"parent":0,"menu_order":0,"comment_status":"closed","ping_status":"closed","template":"","meta":{"footnotes":""},"class_list":["post-333","page","type-page","status-publish","hentry"],"_links":{"self":[{"href":"https:\/\/corfhu.cl\/demo\/wp-json\/wp\/v2\/pages\/333","targetHints":{"allow":["GET"]}}],"collection":[{"href":"https:\/\/corfhu.cl\/demo\/wp-json\/wp\/v2\/pages"}],"about":[{"href":"https:\/\/corfhu.cl\/demo\/wp-json\/wp\/v2\/types\/page"}],"author":[{"embeddable":true,"href":"https:\/\/corfhu.cl\/demo\/wp-json\/wp\/v2\/users\/1"}],"replies":[{"embeddable":true,"href":"https:\/\/corfhu.cl\/demo\/wp-json\/wp\/v2\/comments?post=333"}],"version-history":[{"count":1,"href":"https:\/\/corfhu.cl\/demo\/wp-json\/wp\/v2\/pages\/333\/revisions"}],"predecessor-version":[{"id":334,"href":"https:\/\/corfhu.cl\/demo\/wp-json\/wp\/v2\/pages\/333\/revisions\/334"}],"wp:attachment":[{"href":"https:\/\/corfhu.cl\/demo\/wp-json\/wp\/v2\/media?parent=333"}],"curies":[{"name":"wp","href":"https:\/\/api.w.org\/{rel}","templated":true}]}}